{"id":29421,"date":"2025-07-23T13:53:40","date_gmt":"2025-07-23T16:53:40","guid":{"rendered":"https:\/\/isend.co\/top-de-marketing-advbrs-2012\/"},"modified":"2025-11-08T21:19:42","modified_gmt":"2025-11-09T00:19:42","slug":"top-de-marketing-advbrs-2012","status":"publish","type":"page","link":"https:\/\/isend.co\/es\/top-de-marketing-advbrs-2012\/","title":{"rendered":"Top-de-marketing-advbrs-2012"},"content":{"rendered":"\t\t<div data-elementor-type=\"wp-page\" data-elementor-id=\"29421\" class=\"elementor elementor-29421 elementor-25803\" data-elementor-post-type=\"page\">\n\t\t\t\t<div data-dce-background-image-url=\"https:\/\/isend.co\/wp-content\/uploads\/2014\/12\/case-advb-principal.jpg\" class=\"elementor-element elementor-element-663d097 e-flex e-con-boxed e-con e-parent\" data-id=\"663d097\" data-element_type=\"container\" data-e-type=\"container\" data-settings=\"{&quot;background_background&quot;:&quot;classic&quot;}\">\n\t\t\t\t\t<div class=\"e-con-inner\">\n\t\t<div class=\"elementor-element elementor-element-0fc39a3 e-con-full elementor-hidden-tablet elementor-hidden-mobile e-flex e-con e-child\" data-id=\"0fc39a3\" data-element_type=\"container\" data-e-type=\"container\">\n\t\t\t\t<div class=\"elementor-element elementor-element-e514e55 elementor-nav-menu__align-end elementor-nav-menu--dropdown-mobile menu-banner elementor-nav-menu__text-align-aside elementor-nav-menu--toggle elementor-nav-menu--burger elementor-widget elementor-widget-nav-menu\" data-id=\"e514e55\" data-element_type=\"widget\" data-e-type=\"widget\" data-settings=\"{&quot;layout&quot;:&quot;vertical&quot;,&quot;submenu_icon&quot;:{&quot;value&quot;:&quot;&lt;svg aria-hidden=\\&quot;true\\&quot; class=\\&quot;e-font-icon-svg e-fas-caret-down\\&quot; viewBox=\\&quot;0 0 320 512\\&quot; xmlns=\\&quot;http:\\\/\\\/www.w3.org\\\/2000\\\/svg\\&quot;&gt;&lt;path d=\\&quot;M31.3 192h257.3c17.8 0 26.7 21.5 14.1 34.1L174.1 354.8c-7.8 7.8-20.5 7.8-28.3 0L17.2 226.1C4.6 213.5 13.5 192 31.3 192z\\&quot;&gt;&lt;\\\/path&gt;&lt;\\\/svg&gt;&quot;,&quot;library&quot;:&quot;fa-solid&quot;},&quot;toggle&quot;:&quot;burger&quot;}\" data-widget_type=\"nav-menu.default\">\n\t\t\t\t\t\t\t\t<nav aria-label=\"Menu Direito\" class=\"elementor-nav-menu--main elementor-nav-menu__container elementor-nav-menu--layout-vertical e--pointer-framed e--animation-fade\">\n\t\t\t\t<ul id=\"menu-1-e514e55\" class=\"elementor-nav-menu sm-vertical\"><li class=\"menu-item menu-item-type-post_type menu-item-object-case menu-item-24550\"><a href=\"https:\/\/isend.co\/case\/fiesp\/\" class=\"elementor-item\">FIESP<\/a><\/li>\n<li class=\"menu-item menu-item-type-post_type menu-item-object-case menu-item-24551\"><a href=\"https:\/\/isend.co\/case\/fiemg\/\" class=\"elementor-item\">FIEMG<\/a><\/li>\n<li class=\"menu-item menu-item-type-post_type menu-item-object-case menu-item-24552\"><a href=\"https:\/\/isend.co\/case\/casa-museu-eva-klabin\/\" class=\"elementor-item\">Casa Museo Eva Klabin<\/a><\/li>\n<li class=\"menu-item menu-item-type-post_type menu-item-object-case menu-item-24553\"><a href=\"https:\/\/isend.co\/case\/disal\/\" class=\"elementor-item\">Disal<\/a><\/li>\n<li class=\"menu-item menu-item-type-post_type menu-item-object-case menu-item-24554\"><a href=\"https:\/\/isend.co\/case\/rodobens\/\" class=\"elementor-item\">Rodobens<\/a><\/li>\n<li class=\"menu-item menu-item-type-post_type menu-item-object-case menu-item-24555\"><a href=\"https:\/\/isend.co\/case\/america-futebol-clube-mg\/\" class=\"elementor-item\">Am\u00e9rica Futebol Clube \/ MG<\/a><\/li>\n<li class=\"menu-item menu-item-type-custom menu-item-object-custom menu-item-24556\"><a href=\"https:\/\/isend.co\/cases\" class=\"elementor-item\">+ Cases<\/a><\/li>\n<\/ul>\t\t\t<\/nav>\n\t\t\t\t\t<div class=\"elementor-menu-toggle\" role=\"button\" tabindex=\"0\" aria-label=\"Menu Toggle\" aria-expanded=\"false\">\n\t\t\t<svg aria-hidden=\"true\" role=\"presentation\" class=\"elementor-menu-toggle__icon--open e-font-icon-svg e-eicon-menu-bar\" viewBox=\"0 0 1000 1000\" xmlns=\"http:\/\/www.w3.org\/2000\/svg\"><path d=\"M104 333H896C929 333 958 304 958 271S929 208 896 208H104C71 208 42 237 42 271S71 333 104 333ZM104 583H896C929 583 958 554 958 521S929 458 896 458H104C71 458 42 487 42 521S71 583 104 583ZM104 833H896C929 833 958 804 958 771S929 708 896 708H104C71 708 42 737 42 771S71 833 104 833Z\"><\/path><\/svg><svg aria-hidden=\"true\" role=\"presentation\" class=\"elementor-menu-toggle__icon--close e-font-icon-svg e-eicon-close\" viewBox=\"0 0 1000 1000\" xmlns=\"http:\/\/www.w3.org\/2000\/svg\"><path d=\"M742 167L500 408 258 167C246 154 233 150 217 150 196 150 179 158 167 167 154 179 150 196 150 212 150 229 154 242 171 254L408 500 167 742C138 771 138 800 167 829 196 858 225 858 254 829L496 587 738 829C750 842 767 846 783 846 800 846 817 842 829 829 842 817 846 804 846 783 846 767 842 750 829 737L588 500 833 258C863 229 863 200 833 171 804 137 775 137 742 167Z\"><\/path><\/svg>\t\t<\/div>\n\t\t\t\t\t<nav class=\"elementor-nav-menu--dropdown elementor-nav-menu__container\" aria-hidden=\"true\">\n\t\t\t\t<ul id=\"menu-2-e514e55\" class=\"elementor-nav-menu sm-vertical\"><li class=\"menu-item menu-item-type-post_type menu-item-object-case menu-item-24550\"><a href=\"https:\/\/isend.co\/case\/fiesp\/\" class=\"elementor-item\" tabindex=\"-1\">FIESP<\/a><\/li>\n<li class=\"menu-item menu-item-type-post_type menu-item-object-case menu-item-24551\"><a href=\"https:\/\/isend.co\/case\/fiemg\/\" class=\"elementor-item\" tabindex=\"-1\">FIEMG<\/a><\/li>\n<li class=\"menu-item menu-item-type-post_type menu-item-object-case menu-item-24552\"><a href=\"https:\/\/isend.co\/case\/casa-museu-eva-klabin\/\" class=\"elementor-item\" tabindex=\"-1\">Casa Museo Eva Klabin<\/a><\/li>\n<li class=\"menu-item menu-item-type-post_type menu-item-object-case menu-item-24553\"><a href=\"https:\/\/isend.co\/case\/disal\/\" class=\"elementor-item\" tabindex=\"-1\">Disal<\/a><\/li>\n<li class=\"menu-item menu-item-type-post_type menu-item-object-case menu-item-24554\"><a href=\"https:\/\/isend.co\/case\/rodobens\/\" class=\"elementor-item\" tabindex=\"-1\">Rodobens<\/a><\/li>\n<li class=\"menu-item menu-item-type-post_type menu-item-object-case menu-item-24555\"><a href=\"https:\/\/isend.co\/case\/america-futebol-clube-mg\/\" class=\"elementor-item\" tabindex=\"-1\">Am\u00e9rica Futebol Clube \/ MG<\/a><\/li>\n<li class=\"menu-item menu-item-type-custom menu-item-object-custom menu-item-24556\"><a href=\"https:\/\/isend.co\/cases\" class=\"elementor-item\" tabindex=\"-1\">+ Cases<\/a><\/li>\n<\/ul>\t\t\t<\/nav>\n\t\t\t\t\t\t<\/div>\n\t\t\t\t<\/div>\n\t\t<div class=\"elementor-element elementor-element-fc874fa e-con-full e-flex e-con e-child\" data-id=\"fc874fa\" data-element_type=\"container\" data-e-type=\"container\">\n\t\t<div class=\"elementor-element elementor-element-e775ea7 e-con-full e-flex e-con e-child\" data-id=\"e775ea7\" data-element_type=\"container\" data-e-type=\"container\">\n\t\t<div class=\"elementor-element elementor-element-61b118f e-con-full e-flex e-con e-child\" data-id=\"61b118f\" data-element_type=\"container\" data-e-type=\"container\">\n\t\t\t\t<div data-dce-title-color=\"#FFFFFF\" class=\"elementor-element elementor-element-324f8d6 elementor-widget__width-initial elementor-widget elementor-widget-heading\" data-id=\"324f8d6\" data-element_type=\"widget\" data-e-type=\"widget\" data-widget_type=\"heading.default\">\n\t\t\t\t\t<h2 class=\"elementor-heading-title elementor-size-default\">Case Top de Marketing ADVB\/RS<\/h2>\t\t\t\t<\/div>\n\t\t\t\t<\/div>\n\t\t\t\t<\/div>\n\t\t<div class=\"elementor-element elementor-element-45329a2 e-con-full e-flex e-con e-child\" data-id=\"45329a2\" data-element_type=\"container\" data-e-type=\"container\">\n\t\t\t\t<div class=\"elementor-element elementor-element-a52bdfa elementor-align-left elementor-widget elementor-widget-button\" data-id=\"a52bdfa\" data-element_type=\"widget\" data-e-type=\"widget\" data-widget_type=\"button.default\">\n\t\t\t\t\t\t\t\t\t\t<a class=\"elementor-button elementor-button-link elementor-size-sm\" href=\"https:\/\/isend.co\/es\/conozca-isend\/\">\n\t\t\t\t\t\t<span class=\"elementor-button-content-wrapper\">\n\t\t\t\t\t\t\t\t\t<span class=\"elementor-button-text\">CONOCE ISEND<\/span>\n\t\t\t\t\t<\/span>\n\t\t\t\t\t<\/a>\n\t\t\t\t\t\t\t\t<\/div>\n\t\t\t\t<div class=\"elementor-element elementor-element-d68eb06 elementor-align-right elementor-widget elementor-widget-button\" data-id=\"d68eb06\" data-element_type=\"widget\" data-e-type=\"widget\" data-widget_type=\"button.default\">\n\t\t\t\t\t\t\t\t\t\t<a class=\"elementor-button elementor-button-link elementor-size-sm\" href=\"https:\/\/isend.co\/compre\/\">\n\t\t\t\t\t\t<span class=\"elementor-button-content-wrapper\">\n\t\t\t\t\t\t\t\t\t<span class=\"elementor-button-text\">COMPRAR AHORA<\/span>\n\t\t\t\t\t<\/span>\n\t\t\t\t\t<\/a>\n\t\t\t\t\t\t\t\t<\/div>\n\t\t\t\t<\/div>\n\t\t\t\t<\/div>\n\t\t\t\t\t<\/div>\n\t\t\t\t<\/div>\n\t\t<div class=\"elementor-element elementor-element-4391a03 e-flex e-con-boxed e-con e-parent\" data-id=\"4391a03\" data-element_type=\"container\" data-e-type=\"container\">\n\t\t\t\t\t<div class=\"e-con-inner\">\n\t\t\t\t<div class=\"elementor-element elementor-element-9149c56 elementor-widget elementor-widget-heading\" data-id=\"9149c56\" data-element_type=\"widget\" data-e-type=\"widget\" data-widget_type=\"heading.default\">\n\t\t\t\t\t<h2 class=\"elementor-heading-title elementor-size-default\">En 2012, iSend fue consagrado, cuando fue premiado por ADVB\/RS, por haber revolucionado la comunicaci\u00f3n digital del mercado tur\u00edstico en Brasil, un segmento hasta ahora inexplorado por la competencia y en r\u00e1pido crecimiento.<\/h2>\t\t\t\t<\/div>\n\t\t\t\t\t<\/div>\n\t\t\t\t<\/div>\n\t\t<div class=\"elementor-element elementor-element-26e77d9 e-flex e-con-boxed e-con e-parent\" data-id=\"26e77d9\" data-element_type=\"container\" data-e-type=\"container\" data-settings=\"{&quot;background_background&quot;:&quot;classic&quot;}\">\n\t\t\t\t\t<div class=\"e-con-inner\">\n\t\t<div class=\"elementor-element elementor-element-6812d63 e-con-full e-flex e-con e-child\" data-id=\"6812d63\" data-element_type=\"container\" data-e-type=\"container\">\n\t\t\t\t<div class=\"elementor-element elementor-element-128e8ff elementor-widget elementor-widget-heading\" data-id=\"128e8ff\" data-element_type=\"widget\" data-e-type=\"widget\" data-widget_type=\"heading.default\">\n\t\t\t\t\t<h2 class=\"elementor-heading-title elementor-size-default\">El mejor marketing<\/h2>\t\t\t\t<\/div>\n\t\t\t\t<\/div>\n\t\t\t\t\t<\/div>\n\t\t\t\t<\/div>\n\t\t<div class=\"elementor-element elementor-element-99d91b9 e-flex e-con-boxed e-con e-parent\" data-id=\"99d91b9\" data-element_type=\"container\" data-e-type=\"container\" data-settings=\"{&quot;background_background&quot;:&quot;classic&quot;}\">\n\t\t\t\t\t<div class=\"e-con-inner\">\n\t\t\t\t<div class=\"elementor-element elementor-element-416cda9 elementor-widget elementor-widget-text-editor\" data-id=\"416cda9\" data-element_type=\"widget\" data-e-type=\"widget\" data-widget_type=\"text-editor.default\">\n\t\t\t\t\t\t\t\t\t<p>Establecido en 1982, el Top of Marketing es el sello de calidad del marketing empresarial en Rio Grande do Sul, dando una ventaja competitiva a los ganadores.<br><br>Top Marketing muestra al mercado el \u00e9xito de las empresas ganadoras y abre la puerta a nuevos negocios. M\u00e1s de 400 empresas e instituciones han sido premiadas a lo largo de su historia. <br><br>En 2012, la 30\u00aa edici\u00f3n del premio tuvo un volumen r\u00e9cord de entradas. La evaluaci\u00f3n de los casos fue realizada por un grupo compuesto por 42 jueces, empresarios, acad\u00e9micos y profesionales de marketing invitados por ADVB. Entre ellos Alessandro Teixeira, Secretario Ejecutivo del Ministerio de Desarrollo, Industria y Comercio Exterior \u2013 MDIC, C\u00e9sar Paz, CEO de AG2 Publicis Modem, Daniel Randon, Director Ejecutivo y Director de Relaciones con Inversores de Fras-le S.A., Geraldo Melzer, Director de Desarrollo de Mercados de Dell, Guilherme Paulus, Presidente del Consejo de Administraci\u00f3n de CVC, Jaime Troiano,  Presidente del Grupo Troiano Branding y Luciane Franciscone, Gerente General de Marketing Corporativo de Lojas Renner, entre otros.  <br><br>PricewaterhouseCoopers (PwC), una firma de auditor\u00eda, sigui\u00f3 todo el proceso de votaci\u00f3n y llev\u00f3 a cabo la auditor\u00eda y validaci\u00f3n del premio.<\/p>\t\t\t\t\t\t\t\t<\/div>\n\t\t\t\t\t<\/div>\n\t\t\t\t<\/div>\n\t\t<div data-dce-background-image-url=\"https:\/\/isend.co\/wp-content\/uploads\/2014\/12\/imagem-case-advb-central1.jpg\" class=\"elementor-element elementor-element-c1c2e02 e-flex e-con-boxed e-con e-parent\" data-id=\"c1c2e02\" data-element_type=\"container\" data-e-type=\"container\" data-settings=\"{&quot;background_background&quot;:&quot;classic&quot;}\">\n\t\t\t\t\t<div class=\"e-con-inner\">\n\t\t\t\t\t<\/div>\n\t\t\t\t<\/div>\n\t\t<div class=\"elementor-element elementor-element-9b2ed12 e-flex e-con-boxed e-con e-parent\" data-id=\"9b2ed12\" data-element_type=\"container\" data-e-type=\"container\">\n\t\t\t\t\t<div class=\"e-con-inner\">\n\t\t\t\t<div class=\"elementor-element elementor-element-52aefc6 elementor-widget elementor-widget-heading\" data-id=\"52aefc6\" data-element_type=\"widget\" data-e-type=\"widget\" data-widget_type=\"heading.default\">\n\t\t\t\t\t<h2 class=\"elementor-heading-title elementor-size-default\">ISEND - LA HERRAMIENTA DE COMUNICACI\u00d3N DIGITAL QUE REVOLUCION\u00d3 EL MERCADO TUR\u00cdSTICO BRASILE\u00d1O<\/h2>\t\t\t\t<\/div>\n\t\t<div class=\"elementor-element elementor-element-959842b e-con-full e-flex e-con e-child\" data-id=\"959842b\" data-element_type=\"container\" data-e-type=\"container\">\n\t\t\t\t<div class=\"elementor-element elementor-element-d8ad243 elementor-widget elementor-widget-text-editor\" data-id=\"d8ad243\" data-element_type=\"widget\" data-e-type=\"widget\" data-widget_type=\"text-editor.default\">\n\t\t\t\t\t\t\t\t\t<p>El caso retrata c\u00f3mo iSend, un software de comunicaci\u00f3n digital, desarrollado y comercializado por Intelly, una empresa de comunicaci\u00f3n digital y marketing, tecnolog\u00eda y servicios de TI, conquist\u00f3 y revolucion\u00f3 el mercado tur\u00edstico en Brasil, un segmento hasta ahora inexplorado por la competencia y en r\u00e1pido crecimiento.<br><br>Adem\u00e1s, aborda las estrategias utilizadas para que iSend logre la meta comercial y de marca planteada para 2011, en t\u00e9rminos de innovaci\u00f3n de productos y servicios como (revista digital y SMS, iSend Labs e iSend University); la necesidad de llevar a cabo una pol\u00edtica comercial diferenciada, basada en una estrategia de red de socios y canales de venta, y muestra una campa\u00f1a de posicionamiento basada en la facilidad de uso y los beneficios del producto \u00abiSend \u2013 Herramienta de comunicaci\u00f3n f\u00e1cil, completa y personalizada para su negocio\u00bb.<br><br>Todo este esfuerzo ha llevado a que la herramienta triplique el n\u00famero de clientes del segmento en comparaci\u00f3n con 2010 y que el 80% de las marcas de su portafolio est\u00e9n compuestas por entidades p\u00fablicas y privadas y empresas de gran fortaleza y representatividad del sector en el escenario nacional.<\/p>\t\t\t\t\t\t\t\t<\/div>\n\t\t\t\t<\/div>\n\t\t\t\t\t<\/div>\n\t\t\t\t<\/div>\n\t\t<div class=\"elementor-element elementor-element-d72e9b7 e-flex e-con-boxed e-con e-parent\" data-id=\"d72e9b7\" data-element_type=\"container\" data-e-type=\"container\" data-settings=\"{&quot;background_background&quot;:&quot;classic&quot;}\">\n\t\t\t\t\t<div class=\"e-con-inner\">\n\t\t<div class=\"elementor-element elementor-element-c323f80 e-con-full e-flex e-con e-child\" data-id=\"c323f80\" data-element_type=\"container\" data-e-type=\"container\">\n\t\t\t\t<div class=\"elementor-element elementor-element-b71cdb4 elementor-widget elementor-widget-heading\" data-id=\"b71cdb4\" data-element_type=\"widget\" data-e-type=\"widget\" data-widget_type=\"heading.default\">\n\t\t\t\t\t<h2 class=\"elementor-heading-title elementor-size-default\">REVISTA DIGITAL<\/h2>\t\t\t\t<\/div>\n\t\t\t\t<\/div>\n\t\t\t\t\t<\/div>\n\t\t\t\t<\/div>\n\t\t<div class=\"elementor-element elementor-element-455ab06 e-flex e-con-boxed e-con e-parent\" data-id=\"455ab06\" data-element_type=\"container\" data-e-type=\"container\" data-settings=\"{&quot;background_background&quot;:&quot;classic&quot;}\">\n\t\t\t\t\t<div class=\"e-con-inner\">\n\t\t<div class=\"elementor-element elementor-element-5abf6db e-con-full e-flex e-con e-child\" data-id=\"5abf6db\" data-element_type=\"container\" data-e-type=\"container\">\n\t\t\t\t<div class=\"elementor-element elementor-element-7f5b743 dce_masking-none elementor-widget elementor-widget-image\" data-id=\"7f5b743\" data-element_type=\"widget\" data-e-type=\"widget\" data-widget_type=\"image.default\">\n\t\t\t\t\t\t\t\t\t\t\t\t\t\t\t<img decoding=\"async\" src=\"https:\/\/isend.co\/wp-content\/uploads\/elementor\/thumbs\/advbrv_1-r2obt3mzsa5yh2o3bdmog1bzetp7lprvlak7mczxso.jpg\" title=\"advbrv_1\" alt=\"advbrv_1\" loading=\"lazy\" \/>\t\t\t\t\t\t\t\t\t\t\t\t\t\t\t<\/div>\n\t\t\t\t<\/div>\n\t\t\t\t\t<\/div>\n\t\t\t\t<\/div>\n\t\t<div class=\"elementor-element elementor-element-0cc7829 e-flex e-con-boxed e-con e-parent\" data-id=\"0cc7829\" data-element_type=\"container\" data-e-type=\"container\">\n\t\t\t\t\t<div class=\"e-con-inner\">\n\t\t\t\t<div class=\"elementor-element elementor-element-ee08ef4 elementor-widget elementor-widget-heading\" data-id=\"ee08ef4\" data-element_type=\"widget\" data-e-type=\"widget\" data-widget_type=\"heading.default\">\n\t\t\t\t\t<h2 class=\"elementor-heading-title elementor-size-default\">Redes sociales de Isend<\/h2>\t\t\t\t<\/div>\n\t\t\t\t\t<\/div>\n\t\t\t\t<\/div>\n\t\t<div class=\"elementor-element elementor-element-abe8624 e-flex e-con-boxed e-con e-parent\" data-id=\"abe8624\" data-element_type=\"container\" data-e-type=\"container\">\n\t\t\t\t\t<div class=\"e-con-inner\">\n\t\t\t\t<div class=\"elementor-element elementor-element-b4e042e elementor-widget elementor-widget-html\" data-id=\"b4e042e\" data-element_type=\"widget\" data-e-type=\"widget\" data-widget_type=\"html.default\">\n\t\t\t\t\t<iframe src=\"https:\/\/www.flickr.com\/photos\/intelly\/8401038595\/in\/album-72157632549388037\/player\/\" class=\"flickr-embed-frame\" webkitallowfullscreen=\"\" mozallowfullscreen=\"\" oallowfullscreen=\"\" msallowfullscreen=\"\" width=\"427\" height=\"640\" data-natural-width=\"427\" data-natural-height=\"640\" style=\"overflow: hidden; padding: 0px; margin: 0px; width: 427px; height: 640px; max-width: 100%;\" data-loaded=\"true\"><\/iframe>\n\t\t\t\t<\/div>\n\t\t\t\t\t<\/div>\n\t\t\t\t<\/div>\n\t\t<div class=\"elementor-element elementor-element-e73ed9a e-flex e-con-boxed e-con e-parent\" data-id=\"e73ed9a\" data-element_type=\"container\" data-e-type=\"container\" data-settings=\"{&quot;background_background&quot;:&quot;classic&quot;}\">\n\t\t\t\t\t<div class=\"e-con-inner\">\n\t\t<div class=\"elementor-element elementor-element-5d9b66b divisoris e-flex e-con-boxed e-con e-child\" data-id=\"5d9b66b\" data-element_type=\"container\" data-e-type=\"container\">\n\t\t\t\t\t<div class=\"e-con-inner\">\n\t\t\t\t\t<\/div>\n\t\t\t\t<\/div>\n\t\t\t\t\t<\/div>\n\t\t\t\t<\/div>\n\t\t\t\t<\/div>\n\t\t","protected":false},"excerpt":{"rendered":"<p>Case Top de Marketing ADVB\/RS CONOCE ISEND COMPRAR AHORA En 2012, iSend fue consagrado, cuando fue premiado por ADVB\/RS, por haber revolucionado la comunicaci\u00f3n digital del mercado tur\u00edstico en Brasil, [&hellip;]<\/p>\n","protected":false},"author":1,"featured_media":0,"parent":0,"menu_order":0,"comment_status":"closed","ping_status":"closed","template":"","meta":{"_acf_changed":false,"footnotes":""},"class_list":["post-29421","page","type-page","status-publish","hentry"],"acf":[],"_links":{"self":[{"href":"https:\/\/isend.co\/es\/wp-json\/wp\/v2\/pages\/29421","targetHints":{"allow":["GET"]}}],"collection":[{"href":"https:\/\/isend.co\/es\/wp-json\/wp\/v2\/pages"}],"about":[{"href":"https:\/\/isend.co\/es\/wp-json\/wp\/v2\/types\/page"}],"author":[{"embeddable":true,"href":"https:\/\/isend.co\/es\/wp-json\/wp\/v2\/users\/1"}],"replies":[{"embeddable":true,"href":"https:\/\/isend.co\/es\/wp-json\/wp\/v2\/comments?post=29421"}],"version-history":[{"count":1,"href":"https:\/\/isend.co\/es\/wp-json\/wp\/v2\/pages\/29421\/revisions"}],"predecessor-version":[{"id":29422,"href":"https:\/\/isend.co\/es\/wp-json\/wp\/v2\/pages\/29421\/revisions\/29422"}],"wp:attachment":[{"href":"https:\/\/isend.co\/es\/wp-json\/wp\/v2\/media?parent=29421"}],"curies":[{"name":"wp","href":"https:\/\/api.w.org\/{rel}","templated":true}]}}