{"id":29464,"date":"2025-06-12T13:30:16","date_gmt":"2025-06-12T16:30:16","guid":{"rendered":"https:\/\/isend.co\/inspirate\/laboratorios-isend\/"},"modified":"2026-01-29T14:23:43","modified_gmt":"2026-01-29T17:23:43","slug":"laboratorios-isend","status":"publish","type":"page","link":"https:\/\/isend.co\/es\/inspirate\/laboratorios-isend\/","title":{"rendered":"Laboratorios iSend"},"content":{"rendered":"\t\t<div data-elementor-type=\"wp-page\" data-elementor-id=\"29464\" class=\"elementor elementor-29464 elementor-25269\" data-elementor-post-type=\"page\">\n\t\t\t\t<div data-dce-background-image-url=\"https:\/\/isend.co\/wp-content\/uploads\/2014\/11\/02-cabecalho-labs.jpg\" class=\"elementor-element elementor-element-20c724d9 e-flex e-con-boxed e-con e-parent\" data-id=\"20c724d9\" data-element_type=\"container\" data-e-type=\"container\" data-settings=\"{&quot;background_background&quot;:&quot;classic&quot;}\">\n\t\t\t\t\t<div class=\"e-con-inner\">\n\t\t<div class=\"elementor-element elementor-element-4cac1acd e-con-full elementor-hidden-tablet elementor-hidden-mobile e-flex e-con e-child\" data-id=\"4cac1acd\" data-element_type=\"container\" data-e-type=\"container\">\n\t\t\t\t<\/div>\n\t\t<div class=\"elementor-element elementor-element-2c541f7b e-con-full elementor-hidden-tablet elementor-hidden-mobile e-flex e-con e-child\" data-id=\"2c541f7b\" data-element_type=\"container\" data-e-type=\"container\">\n\t\t\t\t<\/div>\n\t\t<div class=\"elementor-element elementor-element-3095e07 e-con-full e-flex e-con e-child\" data-id=\"3095e07\" data-element_type=\"container\" data-e-type=\"container\">\n\t\t<div class=\"elementor-element elementor-element-15a338a9 e-con-full e-flex e-con e-child\" data-id=\"15a338a9\" data-element_type=\"container\" data-e-type=\"container\">\n\t\t\t\t<div data-dce-title-color=\"#FFFFFF\" class=\"elementor-element elementor-element-2329bad9 elementor-widget elementor-widget-heading\" data-id=\"2329bad9\" data-element_type=\"widget\" data-e-type=\"widget\" data-widget_type=\"heading.default\">\n\t\t\t\t\t<h2 class=\"elementor-heading-title elementor-size-default\">Laboratorios iSend<\/h2>\t\t\t\t<\/div>\n\t\t\t\t<\/div>\n\t\t<div class=\"elementor-element elementor-element-1f9c9c5b e-con-full e-flex e-con e-child\" data-id=\"1f9c9c5b\" data-element_type=\"container\" data-e-type=\"container\">\n\t\t\t\t<div class=\"elementor-element elementor-element-4669a2a1 elementor-align-left elementor-widget elementor-widget-button\" data-id=\"4669a2a1\" data-element_type=\"widget\" data-e-type=\"widget\" data-widget_type=\"button.default\">\n\t\t\t\t\t\t\t\t\t\t<a class=\"elementor-button elementor-button-link elementor-size-sm\" href=\"https:\/\/isend.co\/es\/conozca-isend\/\">\n\t\t\t\t\t\t<span class=\"elementor-button-content-wrapper\">\n\t\t\t\t\t\t\t\t\t<span class=\"elementor-button-text\">CONOCE ISEND<\/span>\n\t\t\t\t\t<\/span>\n\t\t\t\t\t<\/a>\n\t\t\t\t\t\t\t\t<\/div>\n\t\t\t\t<div class=\"elementor-element elementor-element-3e515fdf elementor-align-right elementor-widget elementor-widget-button\" data-id=\"3e515fdf\" data-element_type=\"widget\" data-e-type=\"widget\" data-widget_type=\"button.default\">\n\t\t\t\t\t\t\t\t\t\t<a class=\"elementor-button elementor-button-link elementor-size-sm\" href=\"https:\/\/isend.co\/compre\/\">\n\t\t\t\t\t\t<span class=\"elementor-button-content-wrapper\">\n\t\t\t\t\t\t\t\t\t<span class=\"elementor-button-text\">COMPRAR AHORA<\/span>\n\t\t\t\t\t<\/span>\n\t\t\t\t\t<\/a>\n\t\t\t\t\t\t\t\t<\/div>\n\t\t\t\t<\/div>\n\t\t\t\t<\/div>\n\t\t\t\t\t<\/div>\n\t\t\t\t<\/div>\n\t\t<div class=\"elementor-element elementor-element-5956c2ce e-flex e-con-boxed elementor-invisible e-con e-parent\" data-id=\"5956c2ce\" data-element_type=\"container\" data-e-type=\"container\" data-settings=\"{&quot;animation&quot;:&quot;slideInRight&quot;}\">\n\t\t\t\t\t<div class=\"e-con-inner\">\n\t\t<div class=\"elementor-element elementor-element-264aca50 e-con-full e-flex e-con e-child\" data-id=\"264aca50\" data-element_type=\"container\" data-e-type=\"container\">\n\t\t\t\t<div class=\"elementor-element elementor-element-1c1763cc elementor-widget elementor-widget-heading\" data-id=\"1c1763cc\" data-element_type=\"widget\" data-e-type=\"widget\" data-widget_type=\"heading.default\">\n\t\t\t\t\t<h2 class=\"elementor-heading-title elementor-size-default\">\u00a1Anima e inspira!\n<\/h2>\t\t\t\t<\/div>\n\t\t\t\t<div class=\"elementor-element elementor-element-1b2f4fb5 elementor-widget elementor-widget-heading\" data-id=\"1b2f4fb5\" data-element_type=\"widget\" data-e-type=\"widget\" data-widget_type=\"heading.default\">\n\t\t\t\t\t<h2 class=\"elementor-heading-title elementor-size-default\">Queremos fomentar e inspirar nuevas ideas y tecnolog\u00edas.<\/h2>\t\t\t\t<\/div>\n\t\t\t\t<div class=\"elementor-element elementor-element-227a699f elementor-widget elementor-widget-text-editor\" data-id=\"227a699f\" data-element_type=\"widget\" data-e-type=\"widget\" data-widget_type=\"text-editor.default\">\n\t\t\t\t\t\t\t\t\t<p>Queremos que tu inteligencia sea compartida con nosotros, que los deseos, los sue\u00f1os y toda la energ\u00eda se transformen en un gran proceso creativo, donde construiremos juntos el futuro de una de las mejores herramientas de comunicaci\u00f3n y marketing digital multicanal de internet.<\/p>\t\t\t\t\t\t\t\t<\/div>\n\t\t\t\t<\/div>\n\t\t<div class=\"elementor-element elementor-element-76ba6f1e e-con-full e-flex e-con e-child\" data-id=\"76ba6f1e\" data-element_type=\"container\" data-e-type=\"container\">\n\t\t\t\t<div class=\"elementor-element elementor-element-3047afa dce_masking-none elementor-widget elementor-widget-image\" data-id=\"3047afa\" data-element_type=\"widget\" data-e-type=\"widget\" data-widget_type=\"image.default\">\n\t\t\t\t\t\t\t\t\t\t\t\t\t\t\t<img fetchpriority=\"high\" decoding=\"async\" width=\"500\" height=\"350\" src=\"https:\/\/isend.co\/wp-content\/uploads\/2025\/06\/labs-encorajar-inspirar_1.png\" class=\"attachment-large size-large wp-image-25300\" alt=\"\" srcset=\"https:\/\/isend.co\/wp-content\/uploads\/2025\/06\/labs-encorajar-inspirar_1.png 500w, https:\/\/isend.co\/wp-content\/uploads\/2025\/06\/labs-encorajar-inspirar_1-300x210.png 300w\" sizes=\"(max-width: 500px) 100vw, 500px\" \/>\t\t\t\t\t\t\t\t\t\t\t\t\t\t\t<\/div>\n\t\t\t\t<\/div>\n\t\t\t\t\t<\/div>\n\t\t\t\t<\/div>\n\t\t<div class=\"elementor-element elementor-element-607ec84f e-flex e-con-boxed e-con e-parent\" data-id=\"607ec84f\" data-element_type=\"container\" data-e-type=\"container\" data-settings=\"{&quot;background_background&quot;:&quot;classic&quot;}\">\n\t\t\t\t\t<div class=\"e-con-inner\">\n\t\t<div class=\"elementor-element elementor-element-7ae1e524 divisoris e-flex e-con-boxed e-con e-child\" data-id=\"7ae1e524\" data-element_type=\"container\" data-e-type=\"container\">\n\t\t\t\t\t<div class=\"e-con-inner\">\n\t\t\t\t\t<\/div>\n\t\t\t\t<\/div>\n\t\t\t\t\t<\/div>\n\t\t\t\t<\/div>\n\t\t<div class=\"elementor-element elementor-element-786ecd67 e-flex e-con-boxed elementor-invisible e-con e-parent\" data-id=\"786ecd67\" data-element_type=\"container\" data-e-type=\"container\" data-settings=\"{&quot;animation&quot;:&quot;slideInLeft&quot;}\">\n\t\t\t\t\t<div class=\"e-con-inner\">\n\t\t<div class=\"elementor-element elementor-element-db6109b e-con-full e-flex e-con e-child\" data-id=\"db6109b\" data-element_type=\"container\" data-e-type=\"container\">\n\t\t\t\t<div class=\"elementor-element elementor-element-60895f05 dce_masking-none elementor-widget elementor-widget-image\" data-id=\"60895f05\" data-element_type=\"widget\" data-e-type=\"widget\" data-widget_type=\"image.default\">\n\t\t\t\t\t\t\t\t\t\t\t\t\t\t\t<img decoding=\"async\" width=\"500\" height=\"500\" src=\"https:\/\/isend.co\/wp-content\/uploads\/2025\/06\/labs-funciona-participa_1.png\" class=\"attachment-large size-large wp-image-25303\" alt=\"\" srcset=\"https:\/\/isend.co\/wp-content\/uploads\/2025\/06\/labs-funciona-participa_1.png 500w, https:\/\/isend.co\/wp-content\/uploads\/2025\/06\/labs-funciona-participa_1-300x300.png 300w, https:\/\/isend.co\/wp-content\/uploads\/2025\/06\/labs-funciona-participa_1-150x150.png 150w\" sizes=\"(max-width: 500px) 100vw, 500px\" \/>\t\t\t\t\t\t\t\t\t\t\t\t\t\t\t<\/div>\n\t\t\t\t<\/div>\n\t\t<div class=\"elementor-element elementor-element-478b9d7 e-con-full e-flex e-con e-child\" data-id=\"478b9d7\" data-element_type=\"container\" data-e-type=\"container\">\n\t\t\t\t<div class=\"elementor-element elementor-element-7f7ba173 elementor-widget elementor-widget-heading\" data-id=\"7f7ba173\" data-element_type=\"widget\" data-e-type=\"widget\" data-widget_type=\"heading.default\">\n\t\t\t\t\t<h2 class=\"elementor-heading-title elementor-size-default\">\u00bfQu\u00e9 es?<\/h2>\t\t\t\t<\/div>\n\t\t\t\t<div class=\"elementor-element elementor-element-22ba1da5 elementor-widget elementor-widget-heading\" data-id=\"22ba1da5\" data-element_type=\"widget\" data-e-type=\"widget\" data-widget_type=\"heading.default\">\n\t\t\t\t\t<h2 class=\"elementor-heading-title elementor-size-default\">Los laboratorios son lugares donde la ciencia y la creatividad se encuentran para investigar, desarrollar, explorar nuevas ideas y transformarlas en productos y servicios que mejoren el d\u00eda a d\u00eda de las personas y las empresas.<\/h2>\t\t\t\t<\/div>\n\t\t\t\t<div class=\"elementor-element elementor-element-289a34df elementor-widget elementor-widget-text-editor\" data-id=\"289a34df\" data-element_type=\"widget\" data-e-type=\"widget\" data-widget_type=\"text-editor.default\">\n\t\t\t\t\t\t\t\t\t<p>Nuestro producto iSend naci\u00f3 en l\u00ednea y nuestro laboratorio no pod\u00eda ser diferente. Representa toda la forma y forma de trabajar de nuestra empresa Intelly. <\/p><p>Creamos un laboratorio virtual donde las personas se re\u00fanen para crear juntas, experimentar y ver nuevas innovaciones en la web y las tecnolog\u00edas en el trabajo.<\/p>\t\t\t\t\t\t\t\t<\/div>\n\t\t\t\t<\/div>\n\t\t\t\t\t<\/div>\n\t\t\t\t<\/div>\n\t\t<div class=\"elementor-element elementor-element-6094f022 e-flex e-con-boxed e-con e-parent\" data-id=\"6094f022\" data-element_type=\"container\" data-e-type=\"container\" data-settings=\"{&quot;background_background&quot;:&quot;classic&quot;}\">\n\t\t\t\t\t<div class=\"e-con-inner\">\n\t\t<div class=\"elementor-element elementor-element-57b413d5 divisoris e-flex e-con-boxed e-con e-child\" data-id=\"57b413d5\" data-element_type=\"container\" data-e-type=\"container\">\n\t\t\t\t\t<div class=\"e-con-inner\">\n\t\t\t\t\t<\/div>\n\t\t\t\t<\/div>\n\t\t\t\t\t<\/div>\n\t\t\t\t<\/div>\n\t\t<div class=\"elementor-element elementor-element-58dc2ad9 e-flex e-con-boxed elementor-invisible e-con e-parent\" data-id=\"58dc2ad9\" data-element_type=\"container\" data-e-type=\"container\" data-settings=\"{&quot;animation&quot;:&quot;slideInRight&quot;}\">\n\t\t\t\t\t<div class=\"e-con-inner\">\n\t\t<div class=\"elementor-element elementor-element-4e42f4 e-con-full e-flex e-con e-child\" data-id=\"4e42f4\" data-element_type=\"container\" data-e-type=\"container\">\n\t\t\t\t<div class=\"elementor-element elementor-element-5539de26 elementor-widget elementor-widget-heading\" data-id=\"5539de26\" data-element_type=\"widget\" data-e-type=\"widget\" data-widget_type=\"heading.default\">\n\t\t\t\t\t<h2 class=\"elementor-heading-title elementor-size-default\">\u00a1Ideas! \u00a1Comparte con nosotros! <\/h2>\t\t\t\t<\/div>\n\t\t\t\t<div class=\"elementor-element elementor-element-1bd9859d elementor-widget elementor-widget-heading\" data-id=\"1bd9859d\" data-element_type=\"widget\" data-e-type=\"widget\" data-widget_type=\"heading.default\">\n\t\t\t\t\t<h2 class=\"elementor-heading-title elementor-size-default\">No estamos limitados a ideas o conceptos. Queremos discutir, analizar y llevar adelante lo mejor que tenemos. Proceso creativo, uso racional de la inteligencia en beneficio de nuestra comunidad de clientes y usuarios.  <\/h2>\t\t\t\t<\/div>\n\t\t\t\t<div class=\"elementor-element elementor-element-15ddea16 elementor-widget elementor-widget-text-editor\" data-id=\"15ddea16\" data-element_type=\"widget\" data-e-type=\"widget\" data-widget_type=\"text-editor.default\">\n\t\t\t\t\t\t\t\t\t<p>Si tienes una nueva idea, no importa cu\u00e1n peque\u00f1a o grande sea, comp\u00e1rtela con nosotros. \u00a1Queremos crear nuevos proyectos y tu idea puede ser el nuevo proyecto en nuestro laboratorio! <\/p><p>\u00a1S\u00e9 parte de este proyecto con nosotros!<\/p>\t\t\t\t\t\t\t\t<\/div>\n\t\t\t\t<\/div>\n\t\t<div class=\"elementor-element elementor-element-2088d651 e-con-full e-flex e-con e-child\" data-id=\"2088d651\" data-element_type=\"container\" data-e-type=\"container\">\n\t\t\t\t<div class=\"elementor-element elementor-element-2b8fc361 dce_masking-none elementor-widget elementor-widget-image\" data-id=\"2b8fc361\" data-element_type=\"widget\" data-e-type=\"widget\" data-widget_type=\"image.default\">\n\t\t\t\t\t\t\t\t\t\t\t\t\t\t\t<img decoding=\"async\" width=\"455\" height=\"480\" src=\"https:\/\/isend.co\/wp-content\/uploads\/2025\/06\/labs-ideiais_1.png\" class=\"attachment-large size-large wp-image-25309\" alt=\"\" srcset=\"https:\/\/isend.co\/wp-content\/uploads\/2025\/06\/labs-ideiais_1.png 455w, https:\/\/isend.co\/wp-content\/uploads\/2025\/06\/labs-ideiais_1-284x300.png 284w\" sizes=\"(max-width: 455px) 100vw, 455px\" \/>\t\t\t\t\t\t\t\t\t\t\t\t\t\t\t<\/div>\n\t\t\t\t<\/div>\n\t\t\t\t\t<\/div>\n\t\t\t\t<\/div>\n\t\t<div class=\"elementor-element elementor-element-58d5dcf8 e-flex e-con-boxed e-con e-parent\" data-id=\"58d5dcf8\" data-element_type=\"container\" data-e-type=\"container\" data-settings=\"{&quot;background_background&quot;:&quot;classic&quot;}\">\n\t\t\t\t\t<div class=\"e-con-inner\">\n\t\t<div class=\"elementor-element elementor-element-51ac6c80 divisoris e-flex e-con-boxed e-con e-child\" data-id=\"51ac6c80\" data-element_type=\"container\" data-e-type=\"container\">\n\t\t\t\t\t<div class=\"e-con-inner\">\n\t\t\t\t\t<\/div>\n\t\t\t\t<\/div>\n\t\t\t\t\t<\/div>\n\t\t\t\t<\/div>\n\t\t<div class=\"elementor-element elementor-element-2c55639a e-flex e-con-boxed elementor-invisible e-con e-parent\" data-id=\"2c55639a\" data-element_type=\"container\" data-e-type=\"container\" data-settings=\"{&quot;animation&quot;:&quot;slideInLeft&quot;}\">\n\t\t\t\t\t<div class=\"e-con-inner\">\n\t\t<div class=\"elementor-element elementor-element-4b82ffac e-con-full e-flex e-con e-child\" data-id=\"4b82ffac\" data-element_type=\"container\" data-e-type=\"container\">\n\t\t\t\t<div class=\"elementor-element elementor-element-3dc967db dce_masking-none elementor-widget elementor-widget-image\" data-id=\"3dc967db\" data-element_type=\"widget\" data-e-type=\"widget\" data-widget_type=\"image.default\">\n\t\t\t\t\t\t\t\t\t\t\t\t\t\t\t<img loading=\"lazy\" decoding=\"async\" width=\"500\" height=\"500\" src=\"https:\/\/isend.co\/wp-content\/uploads\/2025\/06\/labs-o-que-e_1.png\" class=\"attachment-large size-large wp-image-25318\" alt=\"\" srcset=\"https:\/\/isend.co\/wp-content\/uploads\/2025\/06\/labs-o-que-e_1.png 500w, https:\/\/isend.co\/wp-content\/uploads\/2025\/06\/labs-o-que-e_1-300x300.png 300w, https:\/\/isend.co\/wp-content\/uploads\/2025\/06\/labs-o-que-e_1-150x150.png 150w\" sizes=\"(max-width: 500px) 100vw, 500px\" \/>\t\t\t\t\t\t\t\t\t\t\t\t\t\t\t<\/div>\n\t\t\t\t<\/div>\n\t\t<div class=\"elementor-element elementor-element-4f8b3f65 e-con-full e-flex e-con e-child\" data-id=\"4f8b3f65\" data-element_type=\"container\" data-e-type=\"container\">\n\t\t\t\t<div class=\"elementor-element elementor-element-62341335 elementor-widget elementor-widget-heading\" data-id=\"62341335\" data-element_type=\"widget\" data-e-type=\"widget\" data-widget_type=\"heading.default\">\n\t\t\t\t\t<h2 class=\"elementor-heading-title elementor-size-default\">\u00bfC\u00f3mo funciona participar?<\/h2>\t\t\t\t<\/div>\n\t\t\t\t<div class=\"elementor-element elementor-element-536f3280 elementor-widget elementor-widget-heading\" data-id=\"536f3280\" data-element_type=\"widget\" data-e-type=\"widget\" data-widget_type=\"heading.default\">\n\t\t\t\t\t<h2 class=\"elementor-heading-title elementor-size-default\">La forma ideal es registrarse en el programa poni\u00e9ndose en contacto con nosotros.<\/h2>\t\t\t\t<\/div>\n\t\t\t\t<div class=\"elementor-element elementor-element-736ca2a9 elementor-widget elementor-widget-text-editor\" data-id=\"736ca2a9\" data-element_type=\"widget\" data-e-type=\"widget\" data-widget_type=\"text-editor.default\">\n\t\t\t\t\t\t\t\t\t<p>Tan pronto como sea aprobado en el programa, se enviar\u00e1n los datos de acceso (nombre de usuario y contrase\u00f1a), \u00a1y listo! Podr\u00e1s empezar a utilizar todo el potencial del producto y las tecnolog\u00edas disponibles. <\/p>\t\t\t\t\t\t\t\t<\/div>\n\t\t\t\t<div class=\"elementor-element elementor-element-ef183b4 elementor-widget elementor-widget-heading\" data-id=\"ef183b4\" data-element_type=\"widget\" data-e-type=\"widget\" data-widget_type=\"heading.default\">\n\t\t\t\t\t<h2 class=\"elementor-heading-title elementor-size-default\">Mantente conectado con nosotros<\/h2>\t\t\t\t<\/div>\n\t\t\t\t<div class=\"elementor-element elementor-element-189bb44 elementor-widget elementor-widget-text-editor\" data-id=\"189bb44\" data-element_type=\"widget\" data-e-type=\"widget\" data-widget_type=\"text-editor.default\">\n\t\t\t\t\t\t\t\t\t<p>Forma parte de nuestra comunidad: \u00fanete a los debates, lee nuestro contenido en el blog, las redes sociales, iSendTV, iSend University, habla con nuestro equipo, lee nuestros art\u00edculos y boletines informativos, y da tu opini\u00f3n.<\/p>\t\t\t\t\t\t\t\t<\/div>\n\t\t\t\t<div class=\"elementor-element elementor-element-e5df45b elementor-widget elementor-widget-heading\" data-id=\"e5df45b\" data-element_type=\"widget\" data-e-type=\"widget\" data-widget_type=\"heading.default\">\n\t\t\t\t\t<h2 class=\"elementor-heading-title elementor-size-default\">Da tu opini\u00f3n, da tu opini\u00f3n\n<\/h2>\t\t\t\t<\/div>\n\t\t\t\t<div class=\"elementor-element elementor-element-febdf04 elementor-widget elementor-widget-text-editor\" data-id=\"febdf04\" data-element_type=\"widget\" data-e-type=\"widget\" data-widget_type=\"text-editor.default\">\n\t\t\t\t\t\t\t\t\t<p>Para nosotros, lo m\u00e1s importante es tu participaci\u00f3n. Interact\u00faa y establece un canal directo con nosotros para opiniones, cr\u00edticas, sugerencias y mejoras sobre el producto y las tecnolog\u00edas en desarrollo. <\/p><p>Contacta a nuestro Equipo Comercial a trav\u00e9s del Call Center y conoce los planes de participaci\u00f3n. iSend Labs tiene una comercializaci\u00f3n totalmente diferente. <\/p>\t\t\t\t\t\t\t\t<\/div>\n\t\t\t\t<\/div>\n\t\t\t\t\t<\/div>\n\t\t\t\t<\/div>\n\t\t<div class=\"elementor-element elementor-element-4ff5e485 e-flex e-con-boxed e-con e-parent\" data-id=\"4ff5e485\" data-element_type=\"container\" data-e-type=\"container\" data-settings=\"{&quot;background_background&quot;:&quot;classic&quot;}\">\n\t\t\t\t\t<div class=\"e-con-inner\">\n\t\t<div class=\"elementor-element elementor-element-521f097b divisoris e-flex e-con-boxed e-con e-child\" data-id=\"521f097b\" data-element_type=\"container\" data-e-type=\"container\">\n\t\t\t\t\t<div class=\"e-con-inner\">\n\t\t\t\t\t<\/div>\n\t\t\t\t<\/div>\n\t\t\t\t\t<\/div>\n\t\t\t\t<\/div>\n\t\t<div class=\"elementor-element elementor-element-1c291dc3 e-flex e-con-boxed elementor-invisible e-con e-parent\" data-id=\"1c291dc3\" data-element_type=\"container\" data-e-type=\"container\" data-settings=\"{&quot;animation&quot;:&quot;slideInLeft&quot;}\">\n\t\t\t\t\t<div class=\"e-con-inner\">\n\t\t<div class=\"elementor-element elementor-element-10f13e98 e-con-full e-flex e-con e-child\" data-id=\"10f13e98\" data-element_type=\"container\" data-e-type=\"container\">\n\t\t\t\t<div class=\"elementor-element elementor-element-366daea5 elementor-align-center elementor-widget elementor-widget-button\" data-id=\"366daea5\" data-element_type=\"widget\" data-e-type=\"widget\" data-widget_type=\"button.default\">\n\t\t\t\t\t\t\t\t\t\t<a class=\"elementor-button elementor-button-link elementor-size-sm\" href=\"https:\/\/isend.co\/es\/centro-de-llamadas\/\">\n\t\t\t\t\t\t<span class=\"elementor-button-content-wrapper\">\n\t\t\t\t\t\t\t\t\t<span class=\"elementor-button-text\">CONT\u00c1CTENOS<\/span>\n\t\t\t\t\t<\/span>\n\t\t\t\t\t<\/a>\n\t\t\t\t\t\t\t\t<\/div>\n\t\t\t\t<\/div>\n\t\t\t\t\t<\/div>\n\t\t\t\t<\/div>\n\t\t\t\t<\/div>\n\t\t","protected":false},"excerpt":{"rendered":"<p>CONOCE ISEND COMPRAR AHORA \u00a1Anima e inspira! Queremos fomentar e inspirar nuevas ideas y tecnolog\u00edas. Queremos que tu inteligencia sea compartida con nosotros, que los deseos, los sue\u00f1os y toda [&hellip;]<\/p>\n","protected":false},"author":1,"featured_media":0,"parent":23855,"menu_order":0,"comment_status":"closed","ping_status":"closed","template":"","meta":{"_acf_changed":false,"footnotes":""},"class_list":["post-29464","page","type-page","status-publish","hentry"],"acf":[],"_links":{"self":[{"href":"https:\/\/isend.co\/es\/wp-json\/wp\/v2\/pages\/29464","targetHints":{"allow":["GET"]}}],"collection":[{"href":"https:\/\/isend.co\/es\/wp-json\/wp\/v2\/pages"}],"about":[{"href":"https:\/\/isend.co\/es\/wp-json\/wp\/v2\/types\/page"}],"author":[{"embeddable":true,"href":"https:\/\/isend.co\/es\/wp-json\/wp\/v2\/users\/1"}],"replies":[{"embeddable":true,"href":"https:\/\/isend.co\/es\/wp-json\/wp\/v2\/comments?post=29464"}],"version-history":[{"count":7,"href":"https:\/\/isend.co\/es\/wp-json\/wp\/v2\/pages\/29464\/revisions"}],"predecessor-version":[{"id":31533,"href":"https:\/\/isend.co\/es\/wp-json\/wp\/v2\/pages\/29464\/revisions\/31533"}],"up":[{"embeddable":true,"href":"https:\/\/isend.co\/es\/wp-json\/wp\/v2\/pages\/23855"}],"wp:attachment":[{"href":"https:\/\/isend.co\/es\/wp-json\/wp\/v2\/media?parent=29464"}],"curies":[{"name":"wp","href":"https:\/\/api.w.org\/{rel}","templated":true}]}}